{"id":21,"date":"2022-10-21T17:41:30","date_gmt":"2022-10-21T17:41:30","guid":{"rendered":"http:\/\/www.halisyesil.com\/?page_id=21"},"modified":"2023-01-24T14:13:25","modified_gmt":"2023-01-24T14:13:25","slug":"kitaplar","status":"publish","type":"page","link":"http:\/\/www.halisyesil.com\/?page_id=21","title":{"rendered":"Kitaplar"},"content":{"rendered":"\n<div class=\"is-layout-flow wp-block-group\"><div class=\"wp-block-group__inner-container\">\n<h2 class=\"has-text-align-center has-normal-font-size\"><strong>R\u00dcZG\u00c2RA KAR\u015eI S\u00d6ZLER (\u00d6zl\u00fc S\u00f6zler)<\/strong><\/h2>\n\n\n\n<figure class=\"is-layout-flex wp-block-gallery-1 wp-block-gallery alignright has-nested-images columns-default is-cropped\">\n<figure class=\"wp-block-image size-full is-style-default\"><img decoding=\"async\" loading=\"lazy\" width=\"2560\" height=\"1792\" src=\"http:\/\/www.halisyesil.com\/wp-content\/uploads\/2022\/11\/RUZGARA-KARSI-SOZLER-1-scaled.jpg\" alt=\"\" class=\"wp-image-184\" srcset=\"http:\/\/www.halisyesil.com\/wp-content\/uploads\/2022\/11\/RUZGARA-KARSI-SOZLER-1-scaled.jpg 2560w, http:\/\/www.halisyesil.com\/wp-content\/uploads\/2022\/11\/RUZGARA-KARSI-SOZLER-1-300x210.jpg 300w, http:\/\/www.halisyesil.com\/wp-content\/uploads\/2022\/11\/RUZGARA-KARSI-SOZLER-1-1024x717.jpg 1024w, http:\/\/www.halisyesil.com\/wp-content\/uploads\/2022\/11\/RUZGARA-KARSI-SOZLER-1-768x538.jpg 768w, http:\/\/www.halisyesil.com\/wp-content\/uploads\/2022\/11\/RUZGARA-KARSI-SOZLER-1-1536x1075.jpg 1536w, http:\/\/www.halisyesil.com\/wp-content\/uploads\/2022\/11\/RUZGARA-KARSI-SOZLER-1-2048x1434.jpg 2048w\" sizes=\"(max-width: 2560px) 100vw, 2560px\" \/><\/figure>\n<\/figure>\n\n\n\n<p class=\"has-text-align-center has-white-color has-text-color has-small-font-size\">G\u00fcndelik olaylara ili\u015fkin hat\u0131rlatma, \u00f6neri ve \u00f6zl\u00fc s\u00f6zleri i\u00e7eren bu kitap, yazar\u0131n insan \u00fczerine d\u00fc\u015f\u00fcnce ve deneyimlerini payla\u015ft\u0131\u011f\u0131 bir eserdir. Yazar, hayat\u0131n karma\u015fas\u0131 i\u00e7inde okuyucuya yaln\u0131zl\u0131\u011f\u0131n\u0131 hissettirmeyecek kadar pek \u00e7ok alana uzanmaktad\u0131r. \u0130lk bask\u0131s\u0131 May\u0131s 2013\u2019te yap\u0131lan eserin \u0130ngilizce ve Almanca \u00e7evirilerini de i\u00e7eren geni\u015fletilmi\u015f 2. bask\u0131s\u0131 yeniden okuyucunun be\u011fenisine sunulmu\u015ftur.<br><\/p>\n\n\n\n<p><\/p>\n\n\n\n<p><\/p>\n\n\n\n<p><\/p>\n\n\n\n<h2 class=\"has-text-align-center has-normal-font-size\"><strong>AKLIN \u00d6ZG\u00dcRLE\u015eMES\u0130 (Deneme)<\/strong><\/h2>\n<\/div><\/div>\n\n\n\n<figure class=\"is-layout-flex wp-block-gallery-4 wp-block-gallery alignright has-nested-images columns-default is-cropped\">\n<figure class=\"wp-block-image size-large margin-top: 25px;\"><a href=\"https:\/\/www.gulnaryayinlari.com\/\" target=\"_blank\" rel=\"noreferrer noopener\"><img decoding=\"async\" loading=\"lazy\" width=\"1196\" height=\"828\" data-id=\"187\"  src=\"http:\/\/www.halisyesil.com\/wp-content\/uploads\/2022\/11\/AKLINOZGURKESMESI.jpg\" alt=\"\" class=\"wp-image-187\" srcset=\"http:\/\/www.halisyesil.com\/wp-content\/uploads\/2022\/11\/AKLINOZGURKESMESI.jpg 1196w, http:\/\/www.halisyesil.com\/wp-content\/uploads\/2022\/11\/AKLINOZGURKESMESI-300x208.jpg 300w, http:\/\/www.halisyesil.com\/wp-content\/uploads\/2022\/11\/AKLINOZGURKESMESI-1024x709.jpg 1024w, http:\/\/www.halisyesil.com\/wp-content\/uploads\/2022\/11\/AKLINOZGURKESMESI-768x532.jpg 768w\" sizes=\"(max-width: 1196px) 100vw, 1196px\" \/><\/a><\/figure>\n<\/figure>\n\n\n\n<div class=\"is-layout-flow wp-block-group\"><div class=\"wp-block-group__inner-container\">\n<p class=\"has-text-align-center margin-top: 25px; has-white-color has-text-color has-small-font-size\">Yazar bu eserinde, bir yandan zihnimizi \u00e7ok kurcalayan felsefenin temel konular\u0131na ili\u015fkin d\u00fc\u015f\u00fcncelerini hik\u00e2yeler, anekdotlar, an\u0131lar ve f\u0131kralarla ak\u0131c\u0131 bir \u015fekilde anlat\u0131rken, di\u011fer yandan da de\u011fi\u015fik k\u00fclt\u00fcr ve toplumlar\u0131n yeti\u015ftirdi\u011fi bilgin, din adam\u0131 politikac\u0131, filozof, d\u00fc\u015f\u00fcn\u00fcr ve yazarlardan da al\u0131nt\u0131lar yaparak bizleri evrensel birikim ve de\u011ferlerle bulu\u015fturmaktad\u0131r. Anlat\u0131mdaki \u00f6zg\u00fcn ve edebi bi\u00e7im, ruhumuzu co\u015fkun ve i\u00e7sel bir yolculu\u011fa \u00e7\u0131karmaktad\u0131r. Konular aras\u0131nda zaman zaman yolumuzu kaybetsek de sonunda kendimizi f\u0131rt\u0131nadan kurtulan bir geminin g\u00fcvertesinde buluruz.<\/p>\n\n\n\n<p class=\"has-text-align-center has-white-color has-text-color has-small-font-size\">&#8220;Zorluk, benzersizli\u011fimizde\u2026 Bizi di\u011ferleri ile ayn\u0131 potada eritmeye \u00e7al\u0131\u015fanlara direndi\u011fimizde, i\u00e7imize a\u011f\u0131r bir sis \u00e7\u00f6ker ve gitgide b\u00fcy\u00fcr. Bu sis, bizi \u00e7evremize oldu\u011fu kadar kendimize de k\u00f6r hale getirir.&#8221;<\/p>\n<\/div><\/div>\n\n\n\n<p><\/p>\n\n\n\n<p class=\"has-text-align-center has-white-color has-text-color\"><strong>MADAM SEROF\u0130MA (\u00d6yk\u00fc)<\/strong><\/p>\n\n\n\n<figure class=\"is-layout-flex wp-block-gallery-7 wp-block-gallery alignright has-nested-images columns-default is-cropped\">\n<figure class=\"wp-block-image size-large margin-top: 100px;\"><a href=\"https:\/\/www.gulnaryayinlari.com\/\" target=\"_blank\" rel=\"noreferrer noopener\"><img decoding=\"async\" loading=\"lazy\" width=\"2560\" height=\"1936\" data-id=\"186\"  src=\"http:\/\/www.halisyesil.com\/wp-content\/uploads\/2022\/11\/MADAM-SEROFIMA-3-scaled.jpg\" alt=\"\" class=\"wp-image-186\" srcset=\"http:\/\/www.halisyesil.com\/wp-content\/uploads\/2022\/11\/MADAM-SEROFIMA-3-scaled.jpg 2560w, http:\/\/www.halisyesil.com\/wp-content\/uploads\/2022\/11\/MADAM-SEROFIMA-3-300x227.jpg 300w, http:\/\/www.halisyesil.com\/wp-content\/uploads\/2022\/11\/MADAM-SEROFIMA-3-1024x774.jpg 1024w, http:\/\/www.halisyesil.com\/wp-content\/uploads\/2022\/11\/MADAM-SEROFIMA-3-768x581.jpg 768w, http:\/\/www.halisyesil.com\/wp-content\/uploads\/2022\/11\/MADAM-SEROFIMA-3-1536x1162.jpg 1536w, http:\/\/www.halisyesil.com\/wp-content\/uploads\/2022\/11\/MADAM-SEROFIMA-3-2048x1549.jpg 2048w, http:\/\/www.halisyesil.com\/wp-content\/uploads\/2022\/11\/MADAM-SEROFIMA-3-124x93.jpg 124w\" sizes=\"(max-width: 2560px) 100vw, 2560px\" \/><\/a><\/figure>\n<\/figure>\n\n\n\n<div class=\"is-layout-flow wp-block-group\"><div class=\"wp-block-group__inner-container\">\n<div class=\"is-layout-flow wp-block-group\"><div class=\"wp-block-group__inner-container\">\n<p class=\"has-text-align-center has-white-color has-text-color has-small-font-size\">\u201cK\u00fc\u00e7\u00fck kulaklar\u0131n\u0131n \u00fczerini \u00f6rten k\u0131sa sa\u00e7lar\u0131n\u0131n alt\u0131ndan uzun k\u00fcpeleri sark\u0131yordu. Konu\u015furken ara s\u0131ra ba\u015f\u0131n\u0131 sa\u011fa sola sall\u0131yor, g\u00f6z\u00fcn\u00fcn \u00f6n\u00fcne d\u00f6k\u00fclen yumu\u015fak sa\u00e7lar\u0131n\u0131 toparlarken de kulaklar\u0131ndaki a\u011f\u0131r k\u00fcpeler f\u0131rlayacakm\u0131\u015f gibi oluyordu.\u201d<\/p>\n\n\n\n<p class=\"has-text-align-center has-white-color has-text-color has-small-font-size\">Duygu ve d\u00fc\u015f\u00fcncelerimizi, ba\u015fkalar\u0131n\u0131n deneyimlerinden yararlanarak zenginle\u015ftirmek i\u00e7in hik\u00e2yelere\/\u00f6yk\u00fclere ilgi duyar\u0131z. Bir g\u00fcn her \u015fey yoluna girecek umuduyla \u00e7al\u0131\u015f\u0131p \u00e7abalarken, elimizden kayan kendi \u00f6yk\u00fcm\u00fcz\u00fcn bile fark\u0131nda olamay\u0131z.<\/p>\n<\/div><\/div>\n<\/div><\/div>\n","protected":false},"excerpt":{"rendered":"<p>R\u00dcZG\u00c2RA KAR\u015eI S\u00d6ZLER (\u00d6zl\u00fc S\u00f6zler) G\u00fcndelik olaylara ili\u015fkin hat\u0131rlatma, \u00f6neri ve \u00f6zl\u00fc s\u00f6zleri i\u00e7eren bu kitap, yazar\u0131n insan \u00fczerine d\u00fc\u015f\u00fcnce<\/p>\n<p><span class=\"more-link\"><a href=\"http:\/\/www.halisyesil.com\/?page_id=21\" class=\"readmore\">Continue reading<span class=\"screen-reader-text\">Kitaplar<\/span><\/a><\/span><\/p>\n","protected":false},"author":1,"featured_media":0,"parent":0,"menu_order":0,"comment_status":"closed","ping_status":"closed","template":"","meta":[],"yoast_head":"<!-- This site is optimized with the Yoast SEO plugin v19.13 - https:\/\/yoast.com\/wordpress\/plugins\/seo\/ -->\n<title>Kitaplar - Halis Ye\u015fil<\/title>\n<meta name=\"robots\" content=\"index, follow, max-snippet:-1, max-image-preview:large, max-video-preview:-1\" \/>\n<link rel=\"canonical\" href=\"http:\/\/www.halisyesil.com\/?page_id=21\" \/>\n<meta property=\"og:locale\" content=\"tr_TR\" \/>\n<meta property=\"og:type\" content=\"article\" \/>\n<meta property=\"og:title\" content=\"Kitaplar - Halis Ye\u015fil\" \/>\n<meta property=\"og:description\" content=\"R\u00dcZG\u00c2RA KAR\u015eI S\u00d6ZLER (\u00d6zl\u00fc S\u00f6zler) G\u00fcndelik olaylara ili\u015fkin hat\u0131rlatma, \u00f6neri ve \u00f6zl\u00fc s\u00f6zleri i\u00e7eren bu kitap, yazar\u0131n insan \u00fczerine d\u00fc\u015f\u00fcnceContinue readingKitaplar\" \/>\n<meta property=\"og:url\" content=\"http:\/\/www.halisyesil.com\/?page_id=21\" \/>\n<meta property=\"og:site_name\" content=\"Halis Ye\u015fil\" \/>\n<meta property=\"article:publisher\" content=\"https:\/\/www.facebook.com\/halis.yesil.3\" \/>\n<meta property=\"article:modified_time\" content=\"2023-01-24T14:13:25+00:00\" \/>\n<meta property=\"og:image\" content=\"http:\/\/www.halisyesil.com\/wp-content\/uploads\/2022\/11\/RUZGARA-KARSI-SOZLER-1-scaled.jpg\" \/>\n<meta name=\"twitter:card\" content=\"summary_large_image\" \/>\n<meta name=\"twitter:site\" content=\"@halisyesil\" \/>\n<meta name=\"twitter:label1\" content=\"Tahmini okuma s\u00fcresi\" \/>\n\t<meta name=\"twitter:data1\" content=\"2 dakika\" \/>\n<script type=\"application\/ld+json\" class=\"yoast-schema-graph\">{\"@context\":\"https:\/\/schema.org\",\"@graph\":[{\"@type\":\"WebPage\",\"@id\":\"http:\/\/www.halisyesil.com\/?page_id=21\",\"url\":\"http:\/\/www.halisyesil.com\/?page_id=21\",\"name\":\"Kitaplar - Halis Ye\u015fil\",\"isPartOf\":{\"@id\":\"http:\/\/www.halisyesil.com\/#website\"},\"datePublished\":\"2022-10-21T17:41:30+00:00\",\"dateModified\":\"2023-01-24T14:13:25+00:00\",\"breadcrumb\":{\"@id\":\"http:\/\/www.halisyesil.com\/?page_id=21#breadcrumb\"},\"inLanguage\":\"tr\",\"potentialAction\":[{\"@type\":\"ReadAction\",\"target\":[\"http:\/\/www.halisyesil.com\/?page_id=21\"]}]},{\"@type\":\"BreadcrumbList\",\"@id\":\"http:\/\/www.halisyesil.com\/?page_id=21#breadcrumb\",\"itemListElement\":[{\"@type\":\"ListItem\",\"position\":1,\"name\":\"Anasayfa\",\"item\":\"http:\/\/www.halisyesil.com\/\"},{\"@type\":\"ListItem\",\"position\":2,\"name\":\"Kitaplar\"}]},{\"@type\":\"WebSite\",\"@id\":\"http:\/\/www.halisyesil.com\/#website\",\"url\":\"http:\/\/www.halisyesil.com\/\",\"name\":\"Halis Ye\u015fil\",\"description\":\"\",\"publisher\":{\"@id\":\"http:\/\/www.halisyesil.com\/#\/schema\/person\/c7acfb85f3d51f50460052eba3fab223\"},\"potentialAction\":[{\"@type\":\"SearchAction\",\"target\":{\"@type\":\"EntryPoint\",\"urlTemplate\":\"http:\/\/www.halisyesil.com\/?s={search_term_string}\"},\"query-input\":\"required name=search_term_string\"}],\"inLanguage\":\"tr\"},{\"@type\":[\"Person\",\"Organization\"],\"@id\":\"http:\/\/www.halisyesil.com\/#\/schema\/person\/c7acfb85f3d51f50460052eba3fab223\",\"name\":\"admin\",\"image\":{\"@type\":\"ImageObject\",\"inLanguage\":\"tr\",\"@id\":\"http:\/\/www.halisyesil.com\/#\/schema\/person\/image\/\",\"url\":\"http:\/\/www.halisyesil.com\/wp-content\/uploads\/2022\/10\/02-Copy-scaled-e1666378614129.jpg\",\"contentUrl\":\"http:\/\/www.halisyesil.com\/wp-content\/uploads\/2022\/10\/02-Copy-scaled-e1666378614129.jpg\",\"width\":1920,\"height\":1080,\"caption\":\"admin\"},\"logo\":{\"@id\":\"http:\/\/www.halisyesil.com\/#\/schema\/person\/image\/\"},\"sameAs\":[\"http:\/\/www.halisyesil.com\",\"https:\/\/www.facebook.com\/halis.yesil.3\",\"https:\/\/www.instagram.com\/halisyesil_\/\",\"https:\/\/www.linkedin.com\/in\/halis-yesil-b99bab2a\/?originalSubdomain=tr\",\"https:\/\/twitter.com\/https:\/\/twitter.com\/halisyesil\"]}]}<\/script>\n<!-- \/ Yoast SEO plugin. -->","yoast_head_json":{"title":"Kitaplar - Halis Ye\u015fil","robots":{"index":"index","follow":"follow","max-snippet":"max-snippet:-1","max-image-preview":"max-image-preview:large","max-video-preview":"max-video-preview:-1"},"canonical":"http:\/\/www.halisyesil.com\/?page_id=21","og_locale":"tr_TR","og_type":"article","og_title":"Kitaplar - Halis Ye\u015fil","og_description":"R\u00dcZG\u00c2RA KAR\u015eI S\u00d6ZLER (\u00d6zl\u00fc S\u00f6zler) G\u00fcndelik olaylara ili\u015fkin hat\u0131rlatma, \u00f6neri ve \u00f6zl\u00fc s\u00f6zleri i\u00e7eren bu kitap, yazar\u0131n insan \u00fczerine d\u00fc\u015f\u00fcnceContinue readingKitaplar","og_url":"http:\/\/www.halisyesil.com\/?page_id=21","og_site_name":"Halis Ye\u015fil","article_publisher":"https:\/\/www.facebook.com\/halis.yesil.3","article_modified_time":"2023-01-24T14:13:25+00:00","og_image":[{"url":"http:\/\/www.halisyesil.com\/wp-content\/uploads\/2022\/11\/RUZGARA-KARSI-SOZLER-1-scaled.jpg"}],"twitter_card":"summary_large_image","twitter_site":"@halisyesil","twitter_misc":{"Tahmini okuma s\u00fcresi":"2 dakika"},"schema":{"@context":"https:\/\/schema.org","@graph":[{"@type":"WebPage","@id":"http:\/\/www.halisyesil.com\/?page_id=21","url":"http:\/\/www.halisyesil.com\/?page_id=21","name":"Kitaplar - Halis Ye\u015fil","isPartOf":{"@id":"http:\/\/www.halisyesil.com\/#website"},"datePublished":"2022-10-21T17:41:30+00:00","dateModified":"2023-01-24T14:13:25+00:00","breadcrumb":{"@id":"http:\/\/www.halisyesil.com\/?page_id=21#breadcrumb"},"inLanguage":"tr","potentialAction":[{"@type":"ReadAction","target":["http:\/\/www.halisyesil.com\/?page_id=21"]}]},{"@type":"BreadcrumbList","@id":"http:\/\/www.halisyesil.com\/?page_id=21#breadcrumb","itemListElement":[{"@type":"ListItem","position":1,"name":"Anasayfa","item":"http:\/\/www.halisyesil.com\/"},{"@type":"ListItem","position":2,"name":"Kitaplar"}]},{"@type":"WebSite","@id":"http:\/\/www.halisyesil.com\/#website","url":"http:\/\/www.halisyesil.com\/","name":"Halis Ye\u015fil","description":"","publisher":{"@id":"http:\/\/www.halisyesil.com\/#\/schema\/person\/c7acfb85f3d51f50460052eba3fab223"},"potentialAction":[{"@type":"SearchAction","target":{"@type":"EntryPoint","urlTemplate":"http:\/\/www.halisyesil.com\/?s={search_term_string}"},"query-input":"required name=search_term_string"}],"inLanguage":"tr"},{"@type":["Person","Organization"],"@id":"http:\/\/www.halisyesil.com\/#\/schema\/person\/c7acfb85f3d51f50460052eba3fab223","name":"admin","image":{"@type":"ImageObject","inLanguage":"tr","@id":"http:\/\/www.halisyesil.com\/#\/schema\/person\/image\/","url":"http:\/\/www.halisyesil.com\/wp-content\/uploads\/2022\/10\/02-Copy-scaled-e1666378614129.jpg","contentUrl":"http:\/\/www.halisyesil.com\/wp-content\/uploads\/2022\/10\/02-Copy-scaled-e1666378614129.jpg","width":1920,"height":1080,"caption":"admin"},"logo":{"@id":"http:\/\/www.halisyesil.com\/#\/schema\/person\/image\/"},"sameAs":["http:\/\/www.halisyesil.com","https:\/\/www.facebook.com\/halis.yesil.3","https:\/\/www.instagram.com\/halisyesil_\/","https:\/\/www.linkedin.com\/in\/halis-yesil-b99bab2a\/?originalSubdomain=tr","https:\/\/twitter.com\/https:\/\/twitter.com\/halisyesil"]}]}},"_links":{"self":[{"href":"http:\/\/www.halisyesil.com\/index.php?rest_route=\/wp\/v2\/pages\/21"}],"collection":[{"href":"http:\/\/www.halisyesil.com\/index.php?rest_route=\/wp\/v2\/pages"}],"about":[{"href":"http:\/\/www.halisyesil.com\/index.php?rest_route=\/wp\/v2\/types\/page"}],"author":[{"embeddable":true,"href":"http:\/\/www.halisyesil.com\/index.php?rest_route=\/wp\/v2\/users\/1"}],"replies":[{"embeddable":true,"href":"http:\/\/www.halisyesil.com\/index.php?rest_route=%2Fwp%2Fv2%2Fcomments&post=21"}],"version-history":[{"count":21,"href":"http:\/\/www.halisyesil.com\/index.php?rest_route=\/wp\/v2\/pages\/21\/revisions"}],"predecessor-version":[{"id":239,"href":"http:\/\/www.halisyesil.com\/index.php?rest_route=\/wp\/v2\/pages\/21\/revisions\/239"}],"wp:attachment":[{"href":"http:\/\/www.halisyesil.com\/index.php?rest_route=%2Fwp%2Fv2%2Fmedia&parent=21"}],"curies":[{"name":"wp","href":"https:\/\/api.w.org\/{rel}","templated":true}]}}