{"id":22,"date":"2022-10-21T17:41:30","date_gmt":"2022-10-21T17:41:30","guid":{"rendered":"http:\/\/www.halisyesil.com\/?page_id=22"},"modified":"2023-01-24T13:46:41","modified_gmt":"2023-01-24T13:46:41","slug":"sozler","status":"publish","type":"page","link":"http:\/\/www.halisyesil.com\/?page_id=22","title":{"rendered":"S\u00f6zler"},"content":{"rendered":"\n<div class=\"is-layout-flow wp-block-group has-white-color has-text-color\"><div class=\"wp-block-group__inner-container\">\n<p class=\"has-text-align-center\"><em>\u201cSizi s\u0131radanla\u015ft\u0131rmaya ve istemediklerinizle ayn\u0131la\u015ft\u0131rmaya \u00e7al\u0131\u015fan hayata kar\u015f\u0131 izlenecek iki yol vard\u0131r. Ya onun pe\u015fine tak\u0131l\u0131rs\u0131n\u0131z ya da ona meydan okursunuz. M\u00fccadeleye karar verdi\u011finizde, \u00f6nce zorlan\u0131r, yaralan\u0131r ve sonra al\u0131\u015f\u0131rs\u0131n\u0131z. \u0130lerleme, kuvvetli r\u00fczg\u00e2ra kar\u015f\u0131 y\u00fcr\u00fcmek gibi \u00f6nce k\u00fc\u00e7\u00fck ad\u0131mlarla ba\u015flar, daha sonra ad\u0131mlar b\u00fcy\u00fcr ve devle\u015fir. O zaman, kendinizin fark\u0131na var\u0131p g\u00fc\u00e7l\u00fc bir haz duyars\u0131n\u0131z.\u201d<\/em><\/p>\n<\/div><\/div>\n\n\n\n<div class=\"is-layout-flow wp-block-group alignfull\"><div class=\"wp-block-group__inner-container\">\n<div class=\"is-nowrap is-layout-flex wp-container-2 wp-block-group\"><\/div>\n<\/div><\/div>\n\n\n\n<h4 class=\"has-small-font-size\">YA\u015eAMAYA DA\u0130R<\/h4>\n\n\n\n<ul>\n<li>K\u00fc\u00e7\u00fck \u015feylerle mutlu olmay\u0131 bil; ama hayallerin daima b\u00fcy\u00fck olsun!<\/li>\n\n\n\n<li>B\u00fcy\u00fck hatalar mahveder; k\u00fc\u00e7\u00fck hatalar mahk\u00fbm eder.<\/li>\n\n\n\n<li>Kin tatl\u0131d\u0131r; ama zehirlidir.<\/li>\n\n\n\n<li>\u015eiirin u\u011frad\u0131\u011f\u0131 her mek\u00e2n, estetik kayg\u0131s\u0131 ta\u015f\u0131r.<\/li>\n\n\n\n<li>Cehaletin bedeli, e\u011fitim masraflar\u0131n\u0131 ge\u00e7er.<\/li>\n\n\n\n<li>\u0130nsan\u0131 birey yapma amac\u0131 d\u0131\u015f\u0131na \u00e7\u0131kan e\u011fitim, ancak s\u00fcr\u00fc yeti\u015ftirir.<\/li>\n\n\n\n<li>\u0130yiler her zaman d\u00fc\u015f\u00fcnd\u00fc\u011f\u00fcn\u00fcz kadar iyi, k\u00f6t\u00fcler de sand\u0131\u011f\u0131n\u0131z kadar k\u00f6t\u00fc de\u011fildir.<\/li>\n\n\n\n<li>Haf\u0131zan\u0131z\u0131 en \u00e7ok yoran, ba\u015fkalar\u0131n\u0131n bilmedi\u011fi k\u00fc\u00e7\u00fck hatalar\u0131n\u0131zd\u0131r.<\/li>\n\n\n\n<li>Ara s\u0131ra yaln\u0131zl\u0131\u011f\u0131n ve sessizli\u011fin b\u00fcy\u00fcs\u00fcn\u00fc unutma!<\/li>\n\n\n\n<li>Ba\u015far\u0131lar\u0131n\u0131za sevinirken bile neleri ka\u00e7\u0131rd\u0131\u011f\u0131n\u0131z\u0131 g\u00f6rmek i\u00e7in etraf\u0131n\u0131za bakmay\u0131 \u00f6\u011frenin!<\/li>\n\n\n\n<li>\u0130nsanlara bir \u015fey vaat etmeseydi, Tanr\u0131 bile<\/li>\n\n\n\n<li>S\u0131radanl\u0131ktan kurtulmak i\u00e7in bir \u00e7aba g\u00f6sterilmezse, s\u0131radanl\u0131k derin bir \u00e7ukur haline gelir.<\/li>\n\n\n\n<li>Gen\u00e7likte biraz zaman kazand\u0131ran ayak oyunlar\u0131, ileri ya\u015flarda kendini \u00e7abuk ele verir.<\/li>\n\n\n\n<li>Kendi gelece\u011fini ba\u015fkalar\u0131n\u0131n ellerine b\u0131rakma; onu sen haz\u0131rla!<\/li>\n\n\n\n<li>Sayg\u0131 g\u00f6stermeyi i\u015f haline getirenlerin, sayg\u0131 g\u00f6rmeleri ihtimalden uzakt\u0131r.<\/li>\n\n\n\n<li>Ahlakl\u0131 olmak, yerle\u015fik toplumsal kurallara itaat ederek ba\u015fkalar\u0131n\u0131 mutlu etmenin \u00f6tesinde bir \u015feydir.<\/li>\n\n\n\n<li>Ba\u015fkalar\u0131n\u0131 ikinci g\u00f6r\u00fcrsen, birinci olabilirsin; ama ikinci s\u0131n\u0131f g\u00f6r\u00fcrsen, asla birinci s\u0131n\u0131f olamazs\u0131n.<\/li>\n<\/ul>\n\n\n\n<h4 class=\"has-small-font-size\">BA\u015eARI<\/h4>\n\n\n\n<ul>\n<li>Nefretin, ba\u015far\u0131ya giden yolda daima k\u0131s\u0131tlay\u0131c\u0131 bir g\u00fcc\u00fc vard\u0131r.<\/li>\n\n\n\n<li>Aptallar hatalar\u0131na sad\u0131kt\u0131r.<\/li>\n\n\n\n<li>B\u00fcy\u00fck av, ko\u015fturmakla yakalanmaz.<\/li>\n\n\n\n<li>G\u00fcven ve cesaretten yoksun isen, her zaman k\u00fc\u00e7\u00fck ba\u015far\u0131larla yetinmek zorunda kal\u0131rs\u0131n.<\/li>\n\n\n\n<li>Ancak u\u00e7 noktalarda dola\u015fanlar mucizelere \u015fahit olabilirler.<\/li>\n\n\n\n<li>Ba\u015far\u0131lar\u0131m\u0131z, \u00e7o\u011funlukla dostlar\u0131m\u0131zda buruk bir ac\u0131 b\u0131rak\u0131r.<\/li>\n<\/ul>\n\n\n\n<p><\/p>\n\n\n\n<h4 class=\"has-small-font-size\">MOT\u0130VASYON<\/h4>\n\n\n\n<div class=\"is-layout-flow wp-block-group\"><div class=\"wp-block-group__inner-container\">\n<ul>\n<li>S\u00fcrekli y\u0131ld\u0131zlar\u0131 seyret, onlara tutunamasan bile!<\/li>\n\n\n\n<li>Her g\u00fcn b\u00fcy\u00fck bir de\u011fi\u015fime haz\u0131r olarak evden \u00e7\u0131k; talihinle ne zaman kar\u015f\u0131la\u015faca\u011f\u0131n\u0131 bilemezsin!<\/li>\n\n\n\n<li>I\u015f\u0131klar s\u00f6nmeyince, karanl\u0131k g\u00f6z k\u0131rpmaz.<\/li>\n\n\n\n<li>En k\u00f6t\u00fc ko\u015fullarda bile, b\u00fcy\u00fck hayallerini koruyabilirsen, ya\u015fam\u0131n b\u00fcy\u00fcs\u00fcn\u00fc kaybetmezsin.<\/li>\n<\/ul>\n\n\n\n<p><\/p>\n<\/div><\/div>\n\n\n\n<h4 class=\"has-small-font-size\">\u00c7OCUK<\/h4>\n\n\n\n<ul>\n<li>\u00c7ocuklar\u0131na cesaret ve \u00f6zg\u00fcven a\u015f\u0131la!<\/li>\n\n\n\n<li>\u00c7ocuklar\u0131na b\u0131rakabilece\u011fin en k\u0131ymetli miras \u00f6zg\u00fcvendir.<\/li>\n\n\n\n<li>\u00c7ocuklara verece\u011finiz sevgi, onlarla birlikte b\u00fcy\u00fcyecektir.<\/li>\n\n\n\n<li>\u00c7ocuklar\u0131na istediklerini veremesen de verebilece\u011fin \u00fcmidini ver!<\/li>\n<\/ul>\n\n\n\n<p><\/p>\n\n\n\n<h4 class=\"has-small-font-size\">B\u0130LGEL\u0130K<\/h4>\n\n\n\n<ul>\n<li>Ayaktak\u0131m\u0131n\u0131n en tehlikeli oldu\u011fu zaman, pe\u015finden ko\u015ftuklar\u0131na b\u00fct\u00fcn kalbiyle inand\u0131klar\u0131 d\u00f6nemdir. Bu inan\u00e7 zay\u0131flad\u0131\u011f\u0131nda ise tehlike kendileri i\u00e7indir.<\/li>\n\n\n\n<li>Adaletin k\u00f6r oldu\u011fu yerde, su\u00e7lular egemen olur.<\/li>\n\n\n\n<li>S\u00f6m\u00fcr\u00fc, her \u00e7a\u011fda g\u00fc\u00e7 heveslilerinin de\u011fi\u015fmez bir hastal\u0131\u011f\u0131d\u0131r.<\/li>\n\n\n\n<li>Cennet i\u00e7imizdedir; onu bir s\u00fcr\u00fc gereksiz \u015feylerle doldurarak cehenneme \u00e7eviririz.<\/li>\n\n\n\n<li>Bireyleri aldat\u0131rken k\u00fc\u00e7\u00fck vaatler yeterli olabilir; toplumu aldat\u0131rken b\u00fcy\u00fck umutlar gereklidir.<\/li>\n\n\n\n<li>\u0130nsanl\u0131\u011f\u0131n en b\u00fcy\u00fck \u015fanss\u0131zl\u0131\u011f\u0131, toplumlar\u0131n d\u00fc\u015f\u00fcnce ve davran\u0131\u015flar\u0131ndaki de\u011fi\u015fimin \u00e7ok zor ve sanc\u0131l\u0131 olmas\u0131d\u0131r.<\/li>\n\n\n\n<li>\u0130\u00e7indeki b\u00fcy\u00fck k\u00f6leyi \u00f6zg\u00fcrle\u015ftiremeyenin, her zaman k\u00fc\u00e7\u00fck bir efendisi olur.<\/li>\n\n\n\n<li>Cahil; zul\u00fcmle otoriteyi, bilgelikle \u015farlatanl\u0131\u011f\u0131, iyilikle riyay\u0131 \u00e7o\u011funlukla birbirine kar\u0131\u015ft\u0131r\u0131r.<\/li>\n\n\n\n<li>Anlamad\u0131klar\u0131m\u0131z\u0131 de\u011fersizle\u015ftirme \u00e7abam\u0131z, kendimizi geli\u015ftirme \u00e7abam\u0131zdan daha bask\u0131nd\u0131r.<\/li>\n\n\n\n<li>Ayd\u0131nl\u0131\u011f\u0131n kudreti, karanl\u0131\u011f\u0131n kalbine d\u00fc\u015fer.<\/li>\n\n\n\n<li>Bo\u015f inan\u00e7, insan akl\u0131n\u0131n talihsizli\u011fidir!<\/li>\n\n\n\n<li>M\u00fczik kalbimizin bast\u0131r\u0131lm\u0131\u015f sesidir; ancak kendimizi \u00f6zg\u00fcr b\u0131rakt\u0131\u011f\u0131m\u0131zda onu duyabiliriz.<\/li>\n\n\n\n<li>Bir yazar\u0131n amac\u0131, insanlar\u0131n d\u00fc\u015f\u00fcncelerini kitlesel bir heyecana d\u00f6n\u00fc\u015ft\u00fcrmekten \u00e7ok, onlar\u0131n ak\u0131llar\u0131n\u0131 ve vicdanlar\u0131n\u0131 uyand\u0131rmak olmal\u0131d\u0131r.<\/li>\n\n\n\n<li>Zek\u00e2y\u0131 y\u00fccelten, onun ahlakla birlikte yol alma yetene\u011fidir.<\/li>\n<\/ul>\n\n\n\n<div class=\"is-layout-flow wp-block-group\"><div class=\"wp-block-group__inner-container\">\n<p><\/p>\n\n\n\n<h4 class=\"has-small-font-size\">HUZUR<\/h4>\n\n\n\n<ul>\n<li>Mutluluk camdan bir k\u00f6\u015fkt\u00fcr; i\u00e7inde oldu\u011funu fark etmeyen s\u00fcrekli d\u0131\u015far\u0131 bakar.<\/li>\n\n\n\n<li>En bo\u015f umut, herkes taraf\u0131ndan sevilece\u011fini sanmakt\u0131r.<\/li>\n\n\n\n<li>Gururumuzu yaralayan \u015feyler, ruhumuzu y\u00fcceltebilir.<\/li>\n<\/ul>\n\n\n\n<p><\/p>\n\n\n\n<h4 class=\"has-small-font-size\">\u0130NSAN \u0130L\u0130\u015eK\u0130LER\u0130<\/h4>\n\n\n\n<ul>\n<li>\u00c7a\u011f\u0131m\u0131z\u0131n en b\u00fcy\u00fck utanc\u0131, yoksullu\u011fun halen bir kader gibi g\u00f6r\u00fclebiliyor olmas\u0131d\u0131r.<\/li>\n\n\n\n<li>Hukukun iyi i\u015fledi\u011fi yerde, erdemli bir toplum vard\u0131r.<\/li>\n\n\n\n<li>De\u011feriniz, size olan ihtiya\u00e7 kadard\u0131r.<\/li>\n\n\n\n<li>Hile ile zorlanan kap\u0131n\u0131 aralamazsan, d\u0131\u015far\u0131da yatmak zorunda kalmazs\u0131n.<\/li>\n\n\n\n<li>Yalan\u0131n alevi ger\u00e7e\u011finkinden daha parlak g\u00f6r\u00fcn\u00fcr.<\/li>\n\n\n\n<li>Hak etmedi\u011fini d\u00fc\u015f\u00fcnsen de birini affetti\u011fine pi\u015fman olma; onu de\u011fi\u015ftiremesen de kendi ruhunu y\u00fcceltirsin.<\/li>\n\n\n\n<li>Dostlar\u0131na kar\u015f\u0131 belirli bir mesafeyi koru, d\u00fc\u015fmanlar\u0131n zaten mesafelidir.<\/li>\n\n\n\n<li>Kaybetmeye katlanam\u0131yorsan, ilk amac\u0131n kazanmak olmas\u0131n!<\/li>\n\n\n\n<li>Sat\u0131n alma g\u00fcc\u00fcn\u00fc a\u015fan hi\u00e7bir \u015feyi \u00f6d\u00fcn\u00e7 alma!<\/li>\n\n\n\n<li>Birinin hayallerine bir \u015feyler ekle; ama onun kafas\u0131ndaki efsaneyi y\u0131kma!<\/li>\n\n\n\n<li>\u00c7aresizli\u011finizi ve \u00f6fkenizi d\u0131\u015fa vurmay\u0131n, b\u0131rak\u0131n i\u00e7inizi yaks\u0131n!<\/li>\n<\/ul>\n<\/div><\/div>\n","protected":false},"excerpt":{"rendered":"<p>\u201cSizi s\u0131radanla\u015ft\u0131rmaya ve istemediklerinizle ayn\u0131la\u015ft\u0131rmaya \u00e7al\u0131\u015fan hayata kar\u015f\u0131 izlenecek iki yol vard\u0131r. Ya onun pe\u015fine tak\u0131l\u0131rs\u0131n\u0131z ya da ona meydan<\/p>\n<p><span class=\"more-link\"><a href=\"http:\/\/www.halisyesil.com\/?page_id=22\" class=\"readmore\">Continue reading<span class=\"screen-reader-text\">S\u00f6zler<\/span><\/a><\/span><\/p>\n","protected":false},"author":1,"featured_media":0,"parent":0,"menu_order":0,"comment_status":"closed","ping_status":"closed","template":"","meta":[],"yoast_head":"<!-- This site is optimized with the Yoast SEO plugin v19.13 - https:\/\/yoast.com\/wordpress\/plugins\/seo\/ -->\n<title>S\u00f6zler - Halis Ye\u015fil<\/title>\n<meta name=\"robots\" content=\"index, follow, max-snippet:-1, max-image-preview:large, max-video-preview:-1\" \/>\n<link rel=\"canonical\" href=\"http:\/\/www.halisyesil.com\/?page_id=22\" \/>\n<meta property=\"og:locale\" content=\"tr_TR\" \/>\n<meta property=\"og:type\" content=\"article\" \/>\n<meta property=\"og:title\" content=\"S\u00f6zler - Halis Ye\u015fil\" \/>\n<meta property=\"og:description\" content=\"\u201cSizi s\u0131radanla\u015ft\u0131rmaya ve istemediklerinizle ayn\u0131la\u015ft\u0131rmaya \u00e7al\u0131\u015fan hayata kar\u015f\u0131 izlenecek iki yol vard\u0131r. Ya onun pe\u015fine tak\u0131l\u0131rs\u0131n\u0131z ya da ona meydanContinue readingS\u00f6zler\" \/>\n<meta property=\"og:url\" content=\"http:\/\/www.halisyesil.com\/?page_id=22\" \/>\n<meta property=\"og:site_name\" content=\"Halis Ye\u015fil\" \/>\n<meta property=\"article:publisher\" content=\"https:\/\/www.facebook.com\/halis.yesil.3\" \/>\n<meta property=\"article:modified_time\" content=\"2023-01-24T13:46:41+00:00\" \/>\n<meta name=\"twitter:card\" content=\"summary_large_image\" \/>\n<meta name=\"twitter:site\" content=\"@halisyesil\" \/>\n<meta name=\"twitter:label1\" content=\"Tahmini okuma s\u00fcresi\" \/>\n\t<meta name=\"twitter:data1\" content=\"4 dakika\" \/>\n<script type=\"application\/ld+json\" class=\"yoast-schema-graph\">{\"@context\":\"https:\/\/schema.org\",\"@graph\":[{\"@type\":\"WebPage\",\"@id\":\"http:\/\/www.halisyesil.com\/?page_id=22\",\"url\":\"http:\/\/www.halisyesil.com\/?page_id=22\",\"name\":\"S\u00f6zler - Halis Ye\u015fil\",\"isPartOf\":{\"@id\":\"http:\/\/www.halisyesil.com\/#website\"},\"datePublished\":\"2022-10-21T17:41:30+00:00\",\"dateModified\":\"2023-01-24T13:46:41+00:00\",\"breadcrumb\":{\"@id\":\"http:\/\/www.halisyesil.com\/?page_id=22#breadcrumb\"},\"inLanguage\":\"tr\",\"potentialAction\":[{\"@type\":\"ReadAction\",\"target\":[\"http:\/\/www.halisyesil.com\/?page_id=22\"]}]},{\"@type\":\"BreadcrumbList\",\"@id\":\"http:\/\/www.halisyesil.com\/?page_id=22#breadcrumb\",\"itemListElement\":[{\"@type\":\"ListItem\",\"position\":1,\"name\":\"Anasayfa\",\"item\":\"http:\/\/www.halisyesil.com\/\"},{\"@type\":\"ListItem\",\"position\":2,\"name\":\"S\u00f6zler\"}]},{\"@type\":\"WebSite\",\"@id\":\"http:\/\/www.halisyesil.com\/#website\",\"url\":\"http:\/\/www.halisyesil.com\/\",\"name\":\"Halis Ye\u015fil\",\"description\":\"\",\"publisher\":{\"@id\":\"http:\/\/www.halisyesil.com\/#\/schema\/person\/c7acfb85f3d51f50460052eba3fab223\"},\"potentialAction\":[{\"@type\":\"SearchAction\",\"target\":{\"@type\":\"EntryPoint\",\"urlTemplate\":\"http:\/\/www.halisyesil.com\/?s={search_term_string}\"},\"query-input\":\"required name=search_term_string\"}],\"inLanguage\":\"tr\"},{\"@type\":[\"Person\",\"Organization\"],\"@id\":\"http:\/\/www.halisyesil.com\/#\/schema\/person\/c7acfb85f3d51f50460052eba3fab223\",\"name\":\"admin\",\"image\":{\"@type\":\"ImageObject\",\"inLanguage\":\"tr\",\"@id\":\"http:\/\/www.halisyesil.com\/#\/schema\/person\/image\/\",\"url\":\"http:\/\/www.halisyesil.com\/wp-content\/uploads\/2022\/10\/02-Copy-scaled-e1666378614129.jpg\",\"contentUrl\":\"http:\/\/www.halisyesil.com\/wp-content\/uploads\/2022\/10\/02-Copy-scaled-e1666378614129.jpg\",\"width\":1920,\"height\":1080,\"caption\":\"admin\"},\"logo\":{\"@id\":\"http:\/\/www.halisyesil.com\/#\/schema\/person\/image\/\"},\"sameAs\":[\"http:\/\/www.halisyesil.com\",\"https:\/\/www.facebook.com\/halis.yesil.3\",\"https:\/\/www.instagram.com\/halisyesil_\/\",\"https:\/\/www.linkedin.com\/in\/halis-yesil-b99bab2a\/?originalSubdomain=tr\",\"https:\/\/twitter.com\/https:\/\/twitter.com\/halisyesil\"]}]}<\/script>\n<!-- \/ Yoast SEO plugin. -->","yoast_head_json":{"title":"S\u00f6zler - Halis Ye\u015fil","robots":{"index":"index","follow":"follow","max-snippet":"max-snippet:-1","max-image-preview":"max-image-preview:large","max-video-preview":"max-video-preview:-1"},"canonical":"http:\/\/www.halisyesil.com\/?page_id=22","og_locale":"tr_TR","og_type":"article","og_title":"S\u00f6zler - Halis Ye\u015fil","og_description":"\u201cSizi s\u0131radanla\u015ft\u0131rmaya ve istemediklerinizle ayn\u0131la\u015ft\u0131rmaya \u00e7al\u0131\u015fan hayata kar\u015f\u0131 izlenecek iki yol vard\u0131r. Ya onun pe\u015fine tak\u0131l\u0131rs\u0131n\u0131z ya da ona meydanContinue readingS\u00f6zler","og_url":"http:\/\/www.halisyesil.com\/?page_id=22","og_site_name":"Halis Ye\u015fil","article_publisher":"https:\/\/www.facebook.com\/halis.yesil.3","article_modified_time":"2023-01-24T13:46:41+00:00","twitter_card":"summary_large_image","twitter_site":"@halisyesil","twitter_misc":{"Tahmini okuma s\u00fcresi":"4 dakika"},"schema":{"@context":"https:\/\/schema.org","@graph":[{"@type":"WebPage","@id":"http:\/\/www.halisyesil.com\/?page_id=22","url":"http:\/\/www.halisyesil.com\/?page_id=22","name":"S\u00f6zler - Halis Ye\u015fil","isPartOf":{"@id":"http:\/\/www.halisyesil.com\/#website"},"datePublished":"2022-10-21T17:41:30+00:00","dateModified":"2023-01-24T13:46:41+00:00","breadcrumb":{"@id":"http:\/\/www.halisyesil.com\/?page_id=22#breadcrumb"},"inLanguage":"tr","potentialAction":[{"@type":"ReadAction","target":["http:\/\/www.halisyesil.com\/?page_id=22"]}]},{"@type":"BreadcrumbList","@id":"http:\/\/www.halisyesil.com\/?page_id=22#breadcrumb","itemListElement":[{"@type":"ListItem","position":1,"name":"Anasayfa","item":"http:\/\/www.halisyesil.com\/"},{"@type":"ListItem","position":2,"name":"S\u00f6zler"}]},{"@type":"WebSite","@id":"http:\/\/www.halisyesil.com\/#website","url":"http:\/\/www.halisyesil.com\/","name":"Halis Ye\u015fil","description":"","publisher":{"@id":"http:\/\/www.halisyesil.com\/#\/schema\/person\/c7acfb85f3d51f50460052eba3fab223"},"potentialAction":[{"@type":"SearchAction","target":{"@type":"EntryPoint","urlTemplate":"http:\/\/www.halisyesil.com\/?s={search_term_string}"},"query-input":"required name=search_term_string"}],"inLanguage":"tr"},{"@type":["Person","Organization"],"@id":"http:\/\/www.halisyesil.com\/#\/schema\/person\/c7acfb85f3d51f50460052eba3fab223","name":"admin","image":{"@type":"ImageObject","inLanguage":"tr","@id":"http:\/\/www.halisyesil.com\/#\/schema\/person\/image\/","url":"http:\/\/www.halisyesil.com\/wp-content\/uploads\/2022\/10\/02-Copy-scaled-e1666378614129.jpg","contentUrl":"http:\/\/www.halisyesil.com\/wp-content\/uploads\/2022\/10\/02-Copy-scaled-e1666378614129.jpg","width":1920,"height":1080,"caption":"admin"},"logo":{"@id":"http:\/\/www.halisyesil.com\/#\/schema\/person\/image\/"},"sameAs":["http:\/\/www.halisyesil.com","https:\/\/www.facebook.com\/halis.yesil.3","https:\/\/www.instagram.com\/halisyesil_\/","https:\/\/www.linkedin.com\/in\/halis-yesil-b99bab2a\/?originalSubdomain=tr","https:\/\/twitter.com\/https:\/\/twitter.com\/halisyesil"]}]}},"_links":{"self":[{"href":"http:\/\/www.halisyesil.com\/index.php?rest_route=\/wp\/v2\/pages\/22"}],"collection":[{"href":"http:\/\/www.halisyesil.com\/index.php?rest_route=\/wp\/v2\/pages"}],"about":[{"href":"http:\/\/www.halisyesil.com\/index.php?rest_route=\/wp\/v2\/types\/page"}],"author":[{"embeddable":true,"href":"http:\/\/www.halisyesil.com\/index.php?rest_route=\/wp\/v2\/users\/1"}],"replies":[{"embeddable":true,"href":"http:\/\/www.halisyesil.com\/index.php?rest_route=%2Fwp%2Fv2%2Fcomments&post=22"}],"version-history":[{"count":10,"href":"http:\/\/www.halisyesil.com\/index.php?rest_route=\/wp\/v2\/pages\/22\/revisions"}],"predecessor-version":[{"id":223,"href":"http:\/\/www.halisyesil.com\/index.php?rest_route=\/wp\/v2\/pages\/22\/revisions\/223"}],"wp:attachment":[{"href":"http:\/\/www.halisyesil.com\/index.php?rest_route=%2Fwp%2Fv2%2Fmedia&parent=22"}],"curies":[{"name":"wp","href":"https:\/\/api.w.org\/{rel}","templated":true}]}}