{"id":25,"date":"2022-10-21T17:41:30","date_gmt":"2022-10-21T17:41:30","guid":{"rendered":"http:\/\/www.halisyesil.com\/?page_id=25"},"modified":"2023-01-24T13:56:21","modified_gmt":"2023-01-24T13:56:21","slug":"biyografi","status":"publish","type":"page","link":"http:\/\/www.halisyesil.com\/?page_id=25","title":{"rendered":"Biyografi"},"content":{"rendered":"\n<div class=\"is-vertical is-layout-flex wp-container-2 wp-block-group\">\n<div class=\"is-layout-flow wp-block-group\"><div class=\"wp-block-group__inner-container\">\n<p class=\"has-text-align-center has-white-color has-text-color has-small-font-size\">Gazi \u00dcniversitesi&#8217;ni bitirmi\u015f olup ayn\u0131 \u00fcniversitede metalurji alan\u0131nda doktora yapt\u0131. Milli E\u011fitim Bakanl\u0131\u011f\u0131&#8217;nda \u00f6\u011fretmen olarak \u00e7al\u0131\u015ft\u0131. Uluslararas\u0131 projelerde uzman, y\u00f6netici ve<br>Dan\u0131\u015fman olarak g\u00f6rev ald\u0131. \u00dcniversitede lisans ve lisans\u00fcst\u00fc dersler verdi. Evli ve iki \u00e7ocuk babas\u0131d\u0131r.<\/p>\n\n\n\n<p class=\"has-text-align-center has-white-color has-text-color has-small-font-size\">\u00d6zl\u00fc s\u00f6zlerden olu\u015fan <em>R\u00fczg\u00e2ra Kar\u015f\u0131 S\u00f6zler<\/em> isimli ilk kitab\u0131 2013&#8217;te, bu eserin T\u00fcrk\u00e7e,<br>\u0130ngilizce ve Almanca olmak \u00fczere \u00fc\u00e7 dildeki geni\u015fletilmi\u015f ikinci bask\u0131s\u0131 2017&#8217;de, deneme<br>t\u00fcr\u00fcndeki <em>Akl\u0131n \u00d6zg\u00fcrle\u015fmesi<\/em> 2021\u2019de ve <em>Madam Serofima<\/em> adl\u0131 \u00f6yk\u00fc kitab\u0131 ise 2022\u2019de yay\u0131mland\u0131.<\/p>\n\n\n\n<p><\/p>\n<\/div><\/div>\n<\/div>\n","protected":false},"excerpt":{"rendered":"<p>Gazi \u00dcniversitesi&#8217;ni bitirmi\u015f olup ayn\u0131 \u00fcniversitede metalurji alan\u0131nda doktora yapt\u0131. Milli E\u011fitim Bakanl\u0131\u011f\u0131&#8217;nda \u00f6\u011fretmen olarak \u00e7al\u0131\u015ft\u0131. Uluslararas\u0131 projelerde uzman, y\u00f6netici<\/p>\n<p><span class=\"more-link\"><a href=\"http:\/\/www.halisyesil.com\/?page_id=25\" class=\"readmore\">Continue reading<span class=\"screen-reader-text\">Biyografi<\/span><\/a><\/span><\/p>\n","protected":false},"author":1,"featured_media":0,"parent":0,"menu_order":0,"comment_status":"closed","ping_status":"closed","template":"templates\/full-width-page.php","meta":[],"yoast_head":"<!-- This site is optimized with the Yoast SEO plugin v19.13 - https:\/\/yoast.com\/wordpress\/plugins\/seo\/ -->\n<title>Biyografi - Halis Ye\u015fil<\/title>\n<meta name=\"robots\" content=\"index, follow, max-snippet:-1, max-image-preview:large, max-video-preview:-1\" \/>\n<link rel=\"canonical\" href=\"http:\/\/www.halisyesil.com\/?page_id=25\" \/>\n<meta property=\"og:locale\" content=\"tr_TR\" \/>\n<meta property=\"og:type\" content=\"article\" \/>\n<meta property=\"og:title\" content=\"Biyografi - Halis Ye\u015fil\" \/>\n<meta property=\"og:description\" content=\"Gazi \u00dcniversitesi&#8217;ni bitirmi\u015f olup ayn\u0131 \u00fcniversitede metalurji alan\u0131nda doktora yapt\u0131. Milli E\u011fitim Bakanl\u0131\u011f\u0131&#8217;nda \u00f6\u011fretmen olarak \u00e7al\u0131\u015ft\u0131. Uluslararas\u0131 projelerde uzman, y\u00f6neticiContinue readingBiyografi\" \/>\n<meta property=\"og:url\" content=\"http:\/\/www.halisyesil.com\/?page_id=25\" \/>\n<meta property=\"og:site_name\" content=\"Halis Ye\u015fil\" \/>\n<meta property=\"article:publisher\" content=\"https:\/\/www.facebook.com\/halis.yesil.3\" \/>\n<meta property=\"article:modified_time\" content=\"2023-01-24T13:56:21+00:00\" \/>\n<meta name=\"twitter:card\" content=\"summary_large_image\" \/>\n<meta name=\"twitter:site\" content=\"@halisyesil\" \/>\n<meta name=\"twitter:label1\" content=\"Tahmini okuma s\u00fcresi\" \/>\n\t<meta name=\"twitter:data1\" content=\"1 dakika\" \/>\n<script type=\"application\/ld+json\" class=\"yoast-schema-graph\">{\"@context\":\"https:\/\/schema.org\",\"@graph\":[{\"@type\":\"WebPage\",\"@id\":\"http:\/\/www.halisyesil.com\/?page_id=25\",\"url\":\"http:\/\/www.halisyesil.com\/?page_id=25\",\"name\":\"Biyografi - Halis Ye\u015fil\",\"isPartOf\":{\"@id\":\"http:\/\/www.halisyesil.com\/#website\"},\"datePublished\":\"2022-10-21T17:41:30+00:00\",\"dateModified\":\"2023-01-24T13:56:21+00:00\",\"breadcrumb\":{\"@id\":\"http:\/\/www.halisyesil.com\/?page_id=25#breadcrumb\"},\"inLanguage\":\"tr\",\"potentialAction\":[{\"@type\":\"ReadAction\",\"target\":[\"http:\/\/www.halisyesil.com\/?page_id=25\"]}]},{\"@type\":\"BreadcrumbList\",\"@id\":\"http:\/\/www.halisyesil.com\/?page_id=25#breadcrumb\",\"itemListElement\":[{\"@type\":\"ListItem\",\"position\":1,\"name\":\"Anasayfa\",\"item\":\"http:\/\/www.halisyesil.com\/\"},{\"@type\":\"ListItem\",\"position\":2,\"name\":\"Biyografi\"}]},{\"@type\":\"WebSite\",\"@id\":\"http:\/\/www.halisyesil.com\/#website\",\"url\":\"http:\/\/www.halisyesil.com\/\",\"name\":\"Halis Ye\u015fil\",\"description\":\"\",\"publisher\":{\"@id\":\"http:\/\/www.halisyesil.com\/#\/schema\/person\/c7acfb85f3d51f50460052eba3fab223\"},\"potentialAction\":[{\"@type\":\"SearchAction\",\"target\":{\"@type\":\"EntryPoint\",\"urlTemplate\":\"http:\/\/www.halisyesil.com\/?s={search_term_string}\"},\"query-input\":\"required name=search_term_string\"}],\"inLanguage\":\"tr\"},{\"@type\":[\"Person\",\"Organization\"],\"@id\":\"http:\/\/www.halisyesil.com\/#\/schema\/person\/c7acfb85f3d51f50460052eba3fab223\",\"name\":\"admin\",\"image\":{\"@type\":\"ImageObject\",\"inLanguage\":\"tr\",\"@id\":\"http:\/\/www.halisyesil.com\/#\/schema\/person\/image\/\",\"url\":\"http:\/\/www.halisyesil.com\/wp-content\/uploads\/2022\/10\/02-Copy-scaled-e1666378614129.jpg\",\"contentUrl\":\"http:\/\/www.halisyesil.com\/wp-content\/uploads\/2022\/10\/02-Copy-scaled-e1666378614129.jpg\",\"width\":1920,\"height\":1080,\"caption\":\"admin\"},\"logo\":{\"@id\":\"http:\/\/www.halisyesil.com\/#\/schema\/person\/image\/\"},\"sameAs\":[\"http:\/\/www.halisyesil.com\",\"https:\/\/www.facebook.com\/halis.yesil.3\",\"https:\/\/www.instagram.com\/halisyesil_\/\",\"https:\/\/www.linkedin.com\/in\/halis-yesil-b99bab2a\/?originalSubdomain=tr\",\"https:\/\/twitter.com\/https:\/\/twitter.com\/halisyesil\"]}]}<\/script>\n<!-- \/ Yoast SEO plugin. -->","yoast_head_json":{"title":"Biyografi - Halis Ye\u015fil","robots":{"index":"index","follow":"follow","max-snippet":"max-snippet:-1","max-image-preview":"max-image-preview:large","max-video-preview":"max-video-preview:-1"},"canonical":"http:\/\/www.halisyesil.com\/?page_id=25","og_locale":"tr_TR","og_type":"article","og_title":"Biyografi - Halis Ye\u015fil","og_description":"Gazi \u00dcniversitesi&#8217;ni bitirmi\u015f olup ayn\u0131 \u00fcniversitede metalurji alan\u0131nda doktora yapt\u0131. Milli E\u011fitim Bakanl\u0131\u011f\u0131&#8217;nda \u00f6\u011fretmen olarak \u00e7al\u0131\u015ft\u0131. Uluslararas\u0131 projelerde uzman, y\u00f6neticiContinue readingBiyografi","og_url":"http:\/\/www.halisyesil.com\/?page_id=25","og_site_name":"Halis Ye\u015fil","article_publisher":"https:\/\/www.facebook.com\/halis.yesil.3","article_modified_time":"2023-01-24T13:56:21+00:00","twitter_card":"summary_large_image","twitter_site":"@halisyesil","twitter_misc":{"Tahmini okuma s\u00fcresi":"1 dakika"},"schema":{"@context":"https:\/\/schema.org","@graph":[{"@type":"WebPage","@id":"http:\/\/www.halisyesil.com\/?page_id=25","url":"http:\/\/www.halisyesil.com\/?page_id=25","name":"Biyografi - Halis Ye\u015fil","isPartOf":{"@id":"http:\/\/www.halisyesil.com\/#website"},"datePublished":"2022-10-21T17:41:30+00:00","dateModified":"2023-01-24T13:56:21+00:00","breadcrumb":{"@id":"http:\/\/www.halisyesil.com\/?page_id=25#breadcrumb"},"inLanguage":"tr","potentialAction":[{"@type":"ReadAction","target":["http:\/\/www.halisyesil.com\/?page_id=25"]}]},{"@type":"BreadcrumbList","@id":"http:\/\/www.halisyesil.com\/?page_id=25#breadcrumb","itemListElement":[{"@type":"ListItem","position":1,"name":"Anasayfa","item":"http:\/\/www.halisyesil.com\/"},{"@type":"ListItem","position":2,"name":"Biyografi"}]},{"@type":"WebSite","@id":"http:\/\/www.halisyesil.com\/#website","url":"http:\/\/www.halisyesil.com\/","name":"Halis Ye\u015fil","description":"","publisher":{"@id":"http:\/\/www.halisyesil.com\/#\/schema\/person\/c7acfb85f3d51f50460052eba3fab223"},"potentialAction":[{"@type":"SearchAction","target":{"@type":"EntryPoint","urlTemplate":"http:\/\/www.halisyesil.com\/?s={search_term_string}"},"query-input":"required name=search_term_string"}],"inLanguage":"tr"},{"@type":["Person","Organization"],"@id":"http:\/\/www.halisyesil.com\/#\/schema\/person\/c7acfb85f3d51f50460052eba3fab223","name":"admin","image":{"@type":"ImageObject","inLanguage":"tr","@id":"http:\/\/www.halisyesil.com\/#\/schema\/person\/image\/","url":"http:\/\/www.halisyesil.com\/wp-content\/uploads\/2022\/10\/02-Copy-scaled-e1666378614129.jpg","contentUrl":"http:\/\/www.halisyesil.com\/wp-content\/uploads\/2022\/10\/02-Copy-scaled-e1666378614129.jpg","width":1920,"height":1080,"caption":"admin"},"logo":{"@id":"http:\/\/www.halisyesil.com\/#\/schema\/person\/image\/"},"sameAs":["http:\/\/www.halisyesil.com","https:\/\/www.facebook.com\/halis.yesil.3","https:\/\/www.instagram.com\/halisyesil_\/","https:\/\/www.linkedin.com\/in\/halis-yesil-b99bab2a\/?originalSubdomain=tr","https:\/\/twitter.com\/https:\/\/twitter.com\/halisyesil"]}]}},"_links":{"self":[{"href":"http:\/\/www.halisyesil.com\/index.php?rest_route=\/wp\/v2\/pages\/25"}],"collection":[{"href":"http:\/\/www.halisyesil.com\/index.php?rest_route=\/wp\/v2\/pages"}],"about":[{"href":"http:\/\/www.halisyesil.com\/index.php?rest_route=\/wp\/v2\/types\/page"}],"author":[{"embeddable":true,"href":"http:\/\/www.halisyesil.com\/index.php?rest_route=\/wp\/v2\/users\/1"}],"replies":[{"embeddable":true,"href":"http:\/\/www.halisyesil.com\/index.php?rest_route=%2Fwp%2Fv2%2Fcomments&post=25"}],"version-history":[{"count":6,"href":"http:\/\/www.halisyesil.com\/index.php?rest_route=\/wp\/v2\/pages\/25\/revisions"}],"predecessor-version":[{"id":229,"href":"http:\/\/www.halisyesil.com\/index.php?rest_route=\/wp\/v2\/pages\/25\/revisions\/229"}],"wp:attachment":[{"href":"http:\/\/www.halisyesil.com\/index.php?rest_route=%2Fwp%2Fv2%2Fmedia&parent=25"}],"curies":[{"name":"wp","href":"https:\/\/api.w.org\/{rel}","templated":true}]}}